{"id":2,"date":"2016-10-17T16:18:57","date_gmt":"2016-10-17T14:18:57","guid":{"rendered":"http:\/\/mobileaccessible.fr\/?page_id=2"},"modified":"2023-04-15T13:36:25","modified_gmt":"2023-04-15T11:36:25","slug":"accueil","status":"publish","type":"page","link":"https:\/\/mobileaccessible.fr\/","title":{"rendered":"La Mobilit\u00e9 pour Tous"},"content":{"rendered":"<p>Aujourd&rsquo;hui, chacun devrait avoir le\u00a0droit de vivre en toute autonomie et sans contrainte.<\/p>\n<p>Agir pour la mobilit\u00e9 et l\u2019accessibilit\u00e9 de tous consiste \u00e0 travailler sur des solutions innovantes en pr\u00f4nant l\u2019usage pour tous (\u00ab <a href=\"http:\/\/www.conceptionuniverselle.com\/\" target=\"_blank\" rel=\"noopener noreferrer\">conception universelle<\/a> \u00bb ou \u00ab <a href=\"http:\/\/luniversaldesign.fr\/category\/conception-universelle\" target=\"_blank\" rel=\"noopener noreferrer\">Universal Design<\/a> \u00bb) ou, \u00e0 d\u00e9faut, en donnant acc\u00e8s \u00e0 \u00a0des produits adapt\u00e9s permettant de faciliter leur autonomie.<\/p>\n<p><strong>Mobil&amp;Accessible<\/strong> a pour objectif de r\u00e9pondre \u00e0 cette probl\u00e9matique en apportant des solutions \u00ab\u00a0cl\u00e9s en main\u00a0\u00bb (Vente de conseils et de produits) pour les PMR*, les aidants et les ERP*\u00b2 en s&rsquo;appuyant sur notre exp\u00e9rience, et notre r\u00e9seau et en investissant sur des soci\u00e9t\u00e9s innovantes dans le secteur.<br \/>\nCela fait partie de <a href=\"http:\/\/mobileaccessible.fr\/?page_id=23\">nos engagements<\/a> et de notre <a href=\"http:\/\/mobileaccessible.fr\/?page_id=127\">raison d&rsquo;\u00eatre<\/a> qui sont repris dans notre <a href=\"http:\/\/mobileaccessible.fr\/?page_id=127\">Charte<\/a>.<\/p>\n<p>Depuis Novembre 2018, nous y r\u00e9pondons en int\u00e9grant le r\u00e9seau de franchise <a href=\"https:\/\/www.bastideleconfortmedical.com\/\">Bastide Le Confort M\u00e9dical<\/a><\/p>\n<p><a href=\"http:\/\/www.bastideleconfortmedical.com\"><img decoding=\"async\" loading=\"lazy\" class=\"alignnone  wp-image-106\" src=\"http:\/\/mobileaccessible.fr\/wp-content\/uploads\/2016\/10\/Logo-Bastide-Senlis-Chantilly-300x300.jpg\" alt=\"\" width=\"163\" height=\"163\" srcset=\"https:\/\/mobileaccessible.fr\/wp-content\/uploads\/2016\/10\/Logo-Bastide-Senlis-Chantilly-300x300.jpg 300w, https:\/\/mobileaccessible.fr\/wp-content\/uploads\/2016\/10\/Logo-Bastide-Senlis-Chantilly-150x150.jpg 150w, https:\/\/mobileaccessible.fr\/wp-content\/uploads\/2016\/10\/Logo-Bastide-Senlis-Chantilly.jpg 424w\" sizes=\"(max-width: 163px) 100vw, 163px\" \/><\/a><\/p>\n<hr \/>\n<p>* PMR : Personne \u00e0 Mobilit\u00e9 R\u00e9duite<br \/>\n*\u00b2 ERP : Etablissement Recevant du Public &#8211; r\u00e9ponse \u00e0 travers le r\u00e9seau Collectivit\u00e9s de Bastide Le Confort M\u00e9dical<\/p>\n","protected":false},"excerpt":{"rendered":"<p>Aujourd&rsquo;hui, chacun devrait avoir le\u00a0droit de vivre en toute autonomie et sans contrainte. Agir pour la mobilit\u00e9 et l\u2019accessibilit\u00e9 de tous consiste \u00e0 travailler sur des solutions innovantes en pr\u00f4nant l\u2019usage pour tous (\u00ab conception universelle \u00bb ou \u00ab Universal Design \u00bb) ou, \u00e0 d\u00e9faut, en donnant acc\u00e8s \u00e0 \u00a0des produits adapt\u00e9s permettant de faciliter &hellip; <a href=\"https:\/\/mobileaccessible.fr\/\" class=\"more-link\">Continuer la lecture de <span class=\"screen-reader-text\">La Mobilit\u00e9 pour Tous<\/span><\/a><\/p>\n","protected":false},"author":1,"featured_media":41,"parent":0,"menu_order":0,"comment_status":"closed","ping_status":"closed","template":"","meta":[],"_links":{"self":[{"href":"https:\/\/mobileaccessible.fr\/index.php?rest_route=\/wp\/v2\/pages\/2"}],"collection":[{"href":"https:\/\/mobileaccessible.fr\/index.php?rest_route=\/wp\/v2\/pages"}],"about":[{"href":"https:\/\/mobileaccessible.fr\/index.php?rest_route=\/wp\/v2\/types\/page"}],"author":[{"embeddable":true,"href":"https:\/\/mobileaccessible.fr\/index.php?rest_route=\/wp\/v2\/users\/1"}],"replies":[{"embeddable":true,"href":"https:\/\/mobileaccessible.fr\/index.php?rest_route=%2Fwp%2Fv2%2Fcomments&post=2"}],"version-history":[{"count":20,"href":"https:\/\/mobileaccessible.fr\/index.php?rest_route=\/wp\/v2\/pages\/2\/revisions"}],"predecessor-version":[{"id":135,"href":"https:\/\/mobileaccessible.fr\/index.php?rest_route=\/wp\/v2\/pages\/2\/revisions\/135"}],"wp:featuredmedia":[{"embeddable":true,"href":"https:\/\/mobileaccessible.fr\/index.php?rest_route=\/wp\/v2\/media\/41"}],"wp:attachment":[{"href":"https:\/\/mobileaccessible.fr\/index.php?rest_route=%2Fwp%2Fv2%2Fmedia&parent=2"}],"curies":[{"name":"wp","href":"https:\/\/api.w.org\/{rel}","templated":true}]}}