{"id":127,"date":"2023-04-14T07:46:03","date_gmt":"2023-04-14T05:46:03","guid":{"rendered":"http:\/\/mobileaccessible.fr\/?page_id=127"},"modified":"2023-04-14T07:46:03","modified_gmt":"2023-04-14T05:46:03","slug":"la-charte-mobilaccessible","status":"publish","type":"page","link":"https:\/\/mobileaccessible.fr\/?page_id=127","title":{"rendered":"La Charte Mobil&amp;Accessible"},"content":{"rendered":"\n<p><br><strong><mark style=\"background-color:rgba(0, 0, 0, 0)\" class=\"has-inline-color has-vivid-green-cyan-color\">La raison d\u2019\u00eatre de Mobil&amp;Accessible<\/mark><\/strong><br>Faciliter la vie des personnes atteintes de d\u00e9ficiences mentales ou motrices et simplifier<br>l\u2019accompagnement par les proches \u00e0 travers des aides techniques adapt\u00e9es.<\/p>\n\n\n\n<p><br><strong><mark style=\"background-color:rgba(0, 0, 0, 0)\" class=\"has-inline-color has-vivid-green-cyan-color\">Le m\u00e9tier de Mobil&amp;Accessible<\/mark><\/strong><br>Commercialiser des aides techniques innovantes d\u2019un rapport qualit\u00e9 \/ prix optimal adapt\u00e9es<br>aux besoins des patients et de leurs aidants.<\/p>\n\n\n\n<p><br><strong><mark style=\"background-color:rgba(0, 0, 0, 0)\" class=\"has-inline-color has-vivid-green-cyan-color\">Les ambitions de Mobil&amp;Accessible<\/mark><\/strong><br>Une entreprise multiservice sp\u00e9cialis\u00e9e dans la fourniture d\u2019aides techniques.<br>Une entreprise de r\u00e9f\u00e9rence dans son domaine de comp\u00e9tence pour la fourniture de mat\u00e9riel m\u00e9dical en location et en vente sur sa zone de chalandise : Senlis et les environs.<br>Une enseigne \u00e0 la pointe de l\u2019innovation.<br>Une entreprise exemplaire au niveau social et environnemental (RSE).<br>Une entreprise o\u00f9 \u00ab il fait bon travailler \u00bb.<\/p>\n\n\n\n<p><br><strong><mark style=\"background-color:rgba(0, 0, 0, 0)\" class=\"has-inline-color has-vivid-green-cyan-color\">Les 7 valeurs \u00e0 cultiver<\/mark><\/strong><br><strong>La confiance<\/strong> \u2013 Chacun \u0153uvre pour faire grandir la confiance. La confiance en soi et la<br>confiance dans les autres : coll\u00e8gues de travail, clients, partenaires Handynamic. En cas de<br>doute, chacun s\u2019engage \u00e0 en parler de mani\u00e8re bienveillante et constructive. Chaque membre<br>cherche \u00e0 \u00eatre en v\u00e9rit\u00e9 dans l\u2019entreprise.<br><strong>L&rsquo;accueil<\/strong> \u2013 Chacun veille \u00e0 entretenir une joie dans sa vie de travail. La qualit\u00e9 de la relation \u00e0<br>l\u2019autre (coll\u00e8gue, client, partenaire) passe par le \u00ab SBAM \u00bb (Sourire &#8211; Bonjour &#8211; Au revoir \u2013<br>Merci).<br><strong>L&rsquo;\u00e9coute<\/strong> \u2013 Chacun se rend attentif \u00e0 ce que dit l\u2019autre, qu\u2019il soit client, partenaire ou<br>collaborateur.<br><strong>L&rsquo;esprit de service<\/strong> \u2013 Chacun fait preuve de dynamisme et de r\u00e9activit\u00e9 dans la r\u00e9ponse<br>donn\u00e9e au client et s\u2019engage \u00e0 apporter, dans la mesure du possible et du raisonnable, une<br>solution \u00ab sur-mesure \u00bb personnalis\u00e9e. Nous veillons \u00e0 rester honn\u00eate et juste dans la pratique<br>des co\u00fbts et des prix, et nous portons assistance aux clients en situations de difficult\u00e9s (d\u00e9c\u00e8s,<br>panne, situation pr\u00e9caire\u2026).<br><strong>Le professionnalisme<\/strong> \u2013 Chacun recherche constamment \u00e0 satisfaire le client par son savoirfaire et son savoir-\u00eatre. Chacun est attach\u00e9 \u00e0 la qualit\u00e9 du conseil donn\u00e9, du produit livr\u00e9 et du<br>service rendu.<br><strong>La subsidiarit\u00e9<\/strong> \u2013 Chacun s\u2019engage \u00e0 respecter la place et la mission de ses coll\u00e8gues de<br>travail. La responsabilit\u00e9 d\u2019une action doit \u00eatre allou\u00e9e \u00e0 la plus petite entit\u00e9 capable de<br>l\u2019honorer.<br><strong>Le partage <\/strong>\u2013 La base de la richesse de l\u2019entreprise c\u2019est le partage. Chaque membre de<br>l\u2019entreprise partage ses id\u00e9es, ses questions, ses \u00e9motions et le fruit de son travail.<br><\/p>\n\n\n\n<p><strong><em>Senlis, le 28 Mars 2023<\/em><\/strong><\/p>\n","protected":false},"excerpt":{"rendered":"<p>La raison d\u2019\u00eatre de Mobil&amp;AccessibleFaciliter la vie des personnes atteintes de d\u00e9ficiences mentales ou motrices et simplifierl\u2019accompagnement par les proches \u00e0 travers des aides techniques adapt\u00e9es. Le m\u00e9tier de Mobil&amp;AccessibleCommercialiser des aides techniques innovantes d\u2019un rapport qualit\u00e9 \/ prix optimal adapt\u00e9esaux besoins des patients et de leurs aidants. Les ambitions de Mobil&amp;AccessibleUne entreprise multiservice sp\u00e9cialis\u00e9e &hellip; <a href=\"https:\/\/mobileaccessible.fr\/?page_id=127\" class=\"more-link\">Continuer la lecture de <span class=\"screen-reader-text\">La Charte Mobil&amp;Accessible<\/span><\/a><\/p>\n","protected":false},"author":1,"featured_media":0,"parent":0,"menu_order":0,"comment_status":"closed","ping_status":"closed","template":"","meta":[],"_links":{"self":[{"href":"https:\/\/mobileaccessible.fr\/index.php?rest_route=\/wp\/v2\/pages\/127"}],"collection":[{"href":"https:\/\/mobileaccessible.fr\/index.php?rest_route=\/wp\/v2\/pages"}],"about":[{"href":"https:\/\/mobileaccessible.fr\/index.php?rest_route=\/wp\/v2\/types\/page"}],"author":[{"embeddable":true,"href":"https:\/\/mobileaccessible.fr\/index.php?rest_route=\/wp\/v2\/users\/1"}],"replies":[{"embeddable":true,"href":"https:\/\/mobileaccessible.fr\/index.php?rest_route=%2Fwp%2Fv2%2Fcomments&post=127"}],"version-history":[{"count":2,"href":"https:\/\/mobileaccessible.fr\/index.php?rest_route=\/wp\/v2\/pages\/127\/revisions"}],"predecessor-version":[{"id":129,"href":"https:\/\/mobileaccessible.fr\/index.php?rest_route=\/wp\/v2\/pages\/127\/revisions\/129"}],"wp:attachment":[{"href":"https:\/\/mobileaccessible.fr\/index.php?rest_route=%2Fwp%2Fv2%2Fmedia&parent=127"}],"curies":[{"name":"wp","href":"https:\/\/api.w.org\/{rel}","templated":true}]}}